 {"id":7768,"date":"2024-01-16T17:19:27","date_gmt":"2024-01-16T16:19:27","guid":{"rendered":"http:\/\/lechaidetheleme.com\/?page_id=7768"},"modified":"2024-01-16T17:34:26","modified_gmt":"2024-01-16T16:34:26","slug":"mentions-legales","status":"publish","type":"page","link":"https:\/\/lechaidetheleme.com\/index.php\/mentions-legales\/","title":{"rendered":"Mentions l\u00e9gales"},"content":{"rendered":"\t\t<div data-elementor-type=\"wp-page\" data-elementor-id=\"7768\" class=\"elementor elementor-7768\">\n\t\t\t\t\t\t<section class=\"elementor-section elementor-top-section elementor-element elementor-element-49387eb1 elementor-section-boxed elementor-section-height-default elementor-section-height-default\" data-id=\"49387eb1\" data-element_type=\"section\">\n\t\t\t\t\t\t<div class=\"elementor-container elementor-column-gap-default\">\n\t\t\t\t\t<div class=\"elementor-column elementor-col-100 elementor-top-column elementor-element elementor-element-6dd8c429\" data-id=\"6dd8c429\" data-element_type=\"column\">\n\t\t\t<div class=\"elementor-widget-wrap elementor-element-populated\">\n\t\t\t\t\t\t<div class=\"elementor-element elementor-element-6dcd7d5e elementor-widget elementor-widget-text-editor\" data-id=\"6dcd7d5e\" data-element_type=\"widget\" data-widget_type=\"text-editor.default\">\n\t\t\t\t<div class=\"elementor-widget-container\">\n\t\t\t\t\t\t\t<!-- wp:heading --><!-- \/wp:heading --><!-- wp:paragraph -->\n<h4>1 &#8211; \u00c9dition du site<\/h4>\n<p>En vertu de\u00a0<a id=\"x_m_-5545797011754177597m_-8792978130303978029OWAfcb2ed1d-58be-14cc-9357-2725b594e315\" href=\"https:\/\/www.legifrance.gouv.fr\/affichTexte.do?cidTexte=JORFTEXT000000801164#LEGIARTI000042038977\" target=\"_blank\" rel=\"noreferrer noopener\" data-auth=\"NotApplicable\" data-linkindex=\"4\">l&rsquo;article 6 de la loi n\u00b0 2004-575 du 21 juin 2004<\/a>\u00a0pour la confiance dans l&rsquo;\u00e9conomie num\u00e9rique, il est pr\u00e9cis\u00e9 aux utilisateurs du site internet\u00a0<a href=\"https:\/\/lechaidetheleme.com\/\" target=\"_blank\" rel=\"noopener noreferrer\" data-auth=\"NotApplicable\" data-linkindex=\"5\">https:\/\/lechaidetheleme.com\/<\/a>\u00a0l&rsquo;identit\u00e9 des diff\u00e9rents intervenants dans le cadre de sa r\u00e9alisation et de son suivi:<\/p>\n<p>Propri\u00e9taire du site :\u00a0SARL unipersonnelle LE CHAI DE THELEME\u00a0&#8211; Contact :\u00a0<a href=\"mailto:contact@lechaidetheleme.com\" data-linkindex=\"6\">contact@lechaidetheleme.com<\/a>\u00a0&#8211; Adresse :\u00a05 rue de l&rsquo;\u00cele Saint Martin 37420 Huismes.<\/p>\n<p>Identification de l&rsquo;entreprise : SARL unipersonnelle LE CHAI DE THELEME au capital social de 350 000 \u20ac &#8211; SIREN : 881857890 &#8211; RCS ou RM : Tours B 881 857 890 &#8211; Adresse postale : 2 rue de l&rsquo;\u00cele Saint Martin 37420 Huismes.<\/p>\n<p>Directeur de la publication : Sophie Clerc Colin- Contact : contact@lechaidetheleme.com<\/p>\n<p>H\u00e9bergeur :\u00a0OVH SAS &#8211; 2 rue Kellermann &#8211; BP 80157 &#8211; 59053 Roubaix Cedex 1 &#8211; T\u00e9l\u00e9phone : 1007<\/p>\n<p>D\u00e9l\u00e9gu\u00e9 \u00e0 la protection des donn\u00e9es :\u00a0Sophie Clerc Colin\u00a0&#8211;\u00a0<a href=\"mailto:contact@lechaidetheleme.com\" data-linkindex=\"7\">contact@lechaidetheleme.com<\/a><\/p>\n<p>Autres contributeurs : <a href=\"http:\/\/www.wilcomm.fr\">Agence Wilcomm<\/a>, Julie Joyez, \u00ab\u00a0Qui l&rsquo;e\u00fbt cru ?\u00a0\u00bb, Anne Pegu, Lucie Clarysse.<\/p>\n<hr \/>\n<h4>2 &#8211; Propri\u00e9t\u00e9 intellectuelle et contrefa\u00e7ons.<\/h4>\n<p>SARL unipersonnelle LE CHAI DE THELEME\u00a0est propri\u00e9taire des droits de propri\u00e9t\u00e9 intellectuelle et d\u00e9tient les droits d\u2019usage sur tous les \u00e9l\u00e9ments accessibles sur le site internet, notamment les textes, images, graphismes, logos, vid\u00e9os, architecture, ic\u00f4nes et sons.<\/p>\n<p>Toute reproduction, repr\u00e9sentation, modification, publication, adaptation de tout ou partie des \u00e9l\u00e9ments du site, quel que soit le moyen ou le proc\u00e9d\u00e9 utilis\u00e9, est interdite, sauf autorisation \u00e9crite pr\u00e9alable de\u00a0SARL unipersonnelle LE CHAI DE THELEME\u00a0.<\/p>\n<p>Toute exploitation non autoris\u00e9e du site ou de l\u2019un quelconque des \u00e9l\u00e9ments qu\u2019il contient sera consid\u00e9r\u00e9e comme constitutive d\u2019une contrefa\u00e7on et poursuivie conform\u00e9ment aux dispositions des articles\u00a0<a id=\"x_m_-5545797011754177597m_-8792978130303978029OWA011c26fb-19ca-1bb6-91cf-9220e0b848a5\" href=\"https:\/\/www.legifrance.gouv.fr\/affichCodeArticle.do?idArticle=LEGIARTI000032655082&amp;cidTexte=LEGITEXT000006069414&amp;dateTexte=20160605\" target=\"_blank\" rel=\"noreferrer nofollow noopener\" data-auth=\"NotApplicable\" data-linkindex=\"8\">L.335-2 et suivants du Code de Propri\u00e9t\u00e9 Intellectuelle<\/a>.<\/p>\n<hr \/>\n<h4>3 &#8211; Limitations de responsabilit\u00e9.<\/h4>\n<p>SARL unipersonnelle LE CHAI DE THELEME ne pourra \u00eatre tenue pour responsable des dommages directs et indirects caus\u00e9s au mat\u00e9riel de l\u2019utilisateur, lors de l\u2019acc\u00e8s au site\u00a0<a href=\"https:\/\/lechaidetheleme.com\/\" target=\"_blank\" rel=\"noopener noreferrer\" data-auth=\"NotApplicable\" data-linkindex=\"9\">https:\/\/lechaidetheleme.com\/<\/a>.<\/p>\n<p>SARL unipersonnelle LE CHAI DE THELEME\u00a0d\u00e9cline toute responsabilit\u00e9 quant \u00e0 l\u2019utilisation qui pourrait \u00eatre faite des informations et contenus pr\u00e9sents sur\u00a0<a href=\"https:\/\/lechaidetheleme.com\/\" target=\"_blank\" rel=\"noopener noreferrer\" data-auth=\"NotApplicable\" data-linkindex=\"10\">https:\/\/lechaidetheleme.com\/<\/a>.<\/p>\n<p>SARL unipersonnelle LE CHAI DE THELEME\u00a0s\u2019engage \u00e0 s\u00e9curiser au mieux le site\u00a0<a href=\"https:\/\/lechaidetheleme.com\/\" target=\"_blank\" rel=\"noopener noreferrer\" data-auth=\"NotApplicable\" data-linkindex=\"11\">https:\/\/lechaidetheleme.com\/<\/a>, cependant sa responsabilit\u00e9 ne pourra \u00eatre mise en cause si des donn\u00e9es ind\u00e9sirables sont import\u00e9es et install\u00e9es sur son site \u00e0 son insu.<\/p>\n<p>Des espaces interactifs (espace contact ou commentaires) sont \u00e0 la disposition des utilisateurs.\u00a0SARL unipersonnelle LE CHAI DE THELEME\u00a0se r\u00e9serve le droit de supprimer, sans mise en demeure pr\u00e9alable, tout contenu d\u00e9pos\u00e9 dans cet espace qui contreviendrait \u00e0 la l\u00e9gislation applicable en France, en particulier aux dispositions relatives \u00e0 la protection des donn\u00e9es.<\/p>\n<p>Le cas \u00e9ch\u00e9ant,\u00a0SARL unipersonnelle LE CHAI DE THELEME\u00a0se r\u00e9serve \u00e9galement la possibilit\u00e9 de mettre en cause la responsabilit\u00e9 civile et\/ou p\u00e9nale de l\u2019utilisateur, notamment en cas de message \u00e0 caract\u00e8re raciste, injurieux, diffamant, ou pornographique, quel que soit le support utilis\u00e9 (texte, photographie \u2026).<\/p>\n<hr \/>\n<h4>4 &#8211; CNIL et gestion des donn\u00e9es personnelles.<\/h4>\n<p>Conform\u00e9ment aux dispositions de\u00a0<a id=\"x_m_-5545797011754177597m_-8792978130303978029OWA2e784994-463c-6944-cada-b295196066b0\" href=\"https:\/\/www.legifrance.gouv.fr\/affichTexte.do?cidTexte=JORFTEXT000000886460\" target=\"_blank\" rel=\"noreferrer nofollow noopener\" data-auth=\"NotApplicable\" data-linkindex=\"12\">la loi 78-17 du 6 janvier 1978 modifi\u00e9e<\/a>, l\u2019utilisateur du site\u00a0<a href=\"https:\/\/lechaidetheleme.com\/\" target=\"_blank\" rel=\"noopener noreferrer\" data-auth=\"NotApplicable\" data-linkindex=\"13\">https:\/\/lechaidetheleme.com\/<\/a>\u00a0dispose d\u2019un droit d\u2019acc\u00e8s, de modification et de suppression des informations collect\u00e9es. Pour exercer ce droit, envoyez un message \u00e0 notre D\u00e9l\u00e9gu\u00e9 \u00e0 la Protection des Donn\u00e9es :\u00a0Sophie Clerc Colin\u00a0&#8211;\u00a0<a href=\"mailto:contact@lechaidetheleme.com\" data-linkindex=\"14\">contact@lechaidetheleme.com<\/a>.<\/p>\n<p>Pour plus d&rsquo;informations sur la fa\u00e7on dont nous traitons vos donn\u00e9es (type de donn\u00e9es, finalit\u00e9, destinataire&#8230;), lisez notre <a title=\"Politique de confidentialit\u00e9\" href=\"https:\/\/lechaidetheleme.com\/index.php\/politique-de-confidentialite\/\">Politique de confidentialit\u00e9<\/a>.<\/p>\n<hr \/>\n<h4>5 &#8211; Liens hypertextes et cookies<\/h4>\n<p>Le site\u00a0<a href=\"https:\/\/lechaidetheleme.com\/\" target=\"_blank\" rel=\"noopener noreferrer\" data-auth=\"NotApplicable\" data-linkindex=\"16\">https:\/\/lechaidetheleme.com\/<\/a>\u00a0contient des liens hypertextes vers d\u2019autres sites et d\u00e9gage toute responsabilit\u00e9 \u00e0 propos de ces liens externes ou des liens cr\u00e9\u00e9s par d\u2019autres sites vers\u00a0<a href=\"https:\/\/lechaidetheleme.com\/\" target=\"_blank\" rel=\"noopener noreferrer\" data-auth=\"NotApplicable\" data-linkindex=\"17\">https:\/\/lechaidetheleme.com\/<\/a>.<\/p>\n<p>La navigation sur le site\u00a0https:\/\/lechaidetheleme.com\/, dans sa configuration actuelle, n&rsquo;est pas susceptible de provoquer l\u2019installation de cookie(s) sur votre l\u2019ordinateur.<\/p>\n<p>\u00a0<\/p>\n<p>Pour plus d&rsquo;informations sur la fa\u00e7on dont nous faisons usage des cookies, lisez notre <a title=\"Politique de confidentialit\u00e9\" href=\"https:\/\/lechaidetheleme.com\/index.php\/politique-de-confidentialite\/\">Politique de confidentialit\u00e9.<\/a><\/p>\n<hr \/>\n<h4>6 &#8211; Droit applicable et attribution de juridiction.<\/h4>\n<p>Tout litige en relation avec l\u2019utilisation du site\u00a0<a href=\"https:\/\/lechaidetheleme.com\/\" target=\"_blank\" rel=\"noopener noreferrer\" data-auth=\"NotApplicable\" data-linkindex=\"20\">https:\/\/lechaidetheleme.com\/<\/a>\u00a0est soumis au droit fran\u00e7ais. En dehors des cas o\u00f9 la loi ne le permet pas, il est fait attribution exclusive de juridiction aux tribunaux comp\u00e9tents de\u00a0Tours.<\/p>\n<div>\u00a0<\/div>\n<!-- \/wp:paragraph --><!-- wp:heading --><!-- \/wp:paragraph -->\t\t\t\t\t\t<\/div>\n\t\t\t\t<\/div>\n\t\t\t\t\t<\/div>\n\t\t<\/div>\n\t\t\t\t\t<\/div>\n\t\t<\/section>\n\t\t\t\t<\/div>\n\t\t","protected":false},"excerpt":{"rendered":"<p>1 &#8211; \u00c9dition du site En vertu de\u00a0l&rsquo;article 6 de la loi n\u00b0 2004-575 du 21 juin 2004\u00a0pour la confiance dans l&rsquo;\u00e9conomie num\u00e9rique, il est pr\u00e9cis\u00e9 aux utilisateurs du site internet\u00a0https:\/\/lechaidetheleme.com\/\u00a0l&rsquo;identit\u00e9 des diff\u00e9rents intervenants dans le cadre de sa r\u00e9alisation et de son suivi: Propri\u00e9taire du site :\u00a0SARL unipersonnelle LE CHAI DE THELEME\u00a0&#8211; Contact :\u00a0contact@lechaidetheleme.com\u00a0&#8211; [&hellip;]<\/p>\n","protected":false},"author":1,"featured_media":0,"parent":0,"menu_order":0,"comment_status":"closed","ping_status":"closed","template":"","meta":{"_acf_changed":false,"om_disable_all_campaigns":false,"_monsterinsights_skip_tracking":false,"_monsterinsights_sitenote_active":false,"_monsterinsights_sitenote_note":"","_monsterinsights_sitenote_category":0,"footnotes":""},"class_list":["post-7768","page","type-page","status-publish","hentry"],"acf":[],"aioseo_notices":[],"jetpack_sharing_enabled":true,"_links":{"self":[{"href":"https:\/\/lechaidetheleme.com\/index.php\/wp-json\/wp\/v2\/pages\/7768","targetHints":{"allow":["GET"]}}],"collection":[{"href":"https:\/\/lechaidetheleme.com\/index.php\/wp-json\/wp\/v2\/pages"}],"about":[{"href":"https:\/\/lechaidetheleme.com\/index.php\/wp-json\/wp\/v2\/types\/page"}],"author":[{"embeddable":true,"href":"https:\/\/lechaidetheleme.com\/index.php\/wp-json\/wp\/v2\/users\/1"}],"replies":[{"embeddable":true,"href":"https:\/\/lechaidetheleme.com\/index.php\/wp-json\/wp\/v2\/comments?post=7768"}],"version-history":[{"count":16,"href":"https:\/\/lechaidetheleme.com\/index.php\/wp-json\/wp\/v2\/pages\/7768\/revisions"}],"predecessor-version":[{"id":7795,"href":"https:\/\/lechaidetheleme.com\/index.php\/wp-json\/wp\/v2\/pages\/7768\/revisions\/7795"}],"wp:attachment":[{"href":"https:\/\/lechaidetheleme.com\/index.php\/wp-json\/wp\/v2\/media?parent=7768"}],"curies":[{"name":"wp","href":"https:\/\/api.w.org\/{rel}","templated":true}]}}