 {"id":7304,"date":"2023-12-11T12:31:13","date_gmt":"2023-12-11T11:31:13","guid":{"rendered":"https:\/\/lechaidetheleme.com\/?post_type=product&#038;p=7304"},"modified":"2024-01-15T13:06:18","modified_gmt":"2024-01-15T12:06:18","slug":"force-majeure","status":"publish","type":"product","link":"https:\/\/lechaidetheleme.com\/index.php\/produit\/force-majeure\/","title":{"rendered":"Force Majeure"},"content":{"rendered":"<p>Force Majeure &#8211; Cabernet franc &#8211; Le chai de Th\u00e9l\u00e8me<\/p>\n","protected":false},"excerpt":{"rendered":"<div class=\"d-flex mb-2\">Type :<br \/>\n<span class=\"my-0 ml-2\"><b>AOC Chinon Rouge<\/b><\/span><\/div>\n<div class=\"d-flex mb-2\">C\u00e9pages :<br \/>\n<span class=\"my-0 ml-2\"><b>100% Cabernet franc<\/b><\/span><\/div>\n<div class=\"d-flex mb-2\">Terroirs :<br \/>\n<span class=\"my-0 ml-2\"><b>alluvions anciennes graveleuses<\/b><\/span><\/div>\n<div class=\"d-flex mb-2\">\u00c2ge des vignes :<br \/>\n<span class=\"my-0 ml-2\"><b>40 ans<\/b><\/span><\/div>\n<div class=\"d-flex mb-2\">Vinification:<br \/>\n<span class=\"my-0 ml-2\"><b>vendange \u00e9grapp\u00e9e avec mac\u00e9ration en cuve b\u00e9ton<\/b><\/span><\/div>\n<div class=\"d-flex\">\u00c9levage :<br \/>\n<span class=\"my-0 ml-2\"><b>10 mois en cuve b\u00e9ton<\/b><\/span><\/div>\n<div class=\"d-flex\">Label :<br \/>\n<span class=\"my-0 ml-2\"><b>Bio<\/b><\/span><\/div>\n","protected":false},"featured_media":7292,"template":"","meta":{"_acf_changed":false,"om_disable_all_campaigns":false,"_monsterinsights_skip_tracking":false,"_monsterinsights_sitenote_active":false,"_monsterinsights_sitenote_note":"","_monsterinsights_sitenote_category":0},"product_cat":[64],"product_tag":[],"class_list":{"0":"post-7304","1":"product","2":"type-product","3":"status-publish","4":"has-post-thumbnail","6":"product_cat-cabernet-franc","8":"first","9":"instock","10":"featured","11":"shipping-taxable","12":"product-type-simple"},"acf":[],"aioseo_notices":[],"jetpack_sharing_enabled":true,"_links":{"self":[{"href":"https:\/\/lechaidetheleme.com\/index.php\/wp-json\/wp\/v2\/product\/7304","targetHints":{"allow":["GET"]}}],"collection":[{"href":"https:\/\/lechaidetheleme.com\/index.php\/wp-json\/wp\/v2\/product"}],"about":[{"href":"https:\/\/lechaidetheleme.com\/index.php\/wp-json\/wp\/v2\/types\/product"}],"wp:featuredmedia":[{"embeddable":true,"href":"https:\/\/lechaidetheleme.com\/index.php\/wp-json\/wp\/v2\/media\/7292"}],"wp:attachment":[{"href":"https:\/\/lechaidetheleme.com\/index.php\/wp-json\/wp\/v2\/media?parent=7304"}],"wp:term":[{"taxonomy":"product_cat","embeddable":true,"href":"https:\/\/lechaidetheleme.com\/index.php\/wp-json\/wp\/v2\/product_cat?post=7304"},{"taxonomy":"product_tag","embeddable":true,"href":"https:\/\/lechaidetheleme.com\/index.php\/wp-json\/wp\/v2\/product_tag?post=7304"}],"curies":[{"name":"wp","href":"https:\/\/api.w.org\/{rel}","templated":true}]}}