 {"id":7310,"date":"2023-12-11T15:55:31","date_gmt":"2023-12-11T14:55:31","guid":{"rendered":"https:\/\/lechaidetheleme.com\/?post_type=product&#038;p=7310"},"modified":"2026-01-12T16:04:27","modified_gmt":"2026-01-12T15:04:27","slug":"premieres-gam","status":"publish","type":"product","link":"https:\/\/lechaidetheleme.com\/index.php\/produit\/premieres-gam\/","title":{"rendered":"Gam&rsquo; \u00d4 C\u0153ur"},"content":{"rendered":"<p>Gam&rsquo; \u00d4 Coeur &#8211; Gamay &#8211; Le Chai de Th\u00e9l\u00e8me<\/p>\n","protected":false},"excerpt":{"rendered":"<div class=\"d-flex mb-2\">Type:<br \/>\n<span class=\"my-0 ml-2\"><b>Vin de France Rouge<\/b><\/span><\/div>\n<div class=\"d-flex mb-2\">C\u00e9pages:<br \/>\n<span class=\"my-0 ml-2\"><b>100% Gamay<br \/>\n<\/b><\/span><\/div>\n<div class=\"d-flex mb-2\">Terroir:<br \/>\n<span class=\"my-0 ml-2\"><b>argile \u00e0 silex<\/b><\/span><\/div>\n<div class=\"d-flex mb-2\">\u00c2ge des vignes:<br \/>\n<span class=\"my-0 ml-2\"><b>40 ans<\/b><\/span><\/div>\n<div class=\"d-flex mb-2\">Vinification:<br \/>\n<span class=\"my-0 ml-2\"><b>vendange \u00e9grapp\u00e9e avec mac\u00e9ration en cuve tronconique bois<\/b><\/span><\/div>\n<div class=\"d-flex\">\u00c9levage:<br \/>\n<span class=\"my-0 ml-2\"><b>12 mois en barriques<\/b><\/span><\/div>\n<div class=\"d-flex\">Label:<br \/>\n<span class=\"my-0 ml-2\"><b>En conversion vers l&rsquo;agriculture biologique<\/b><\/span><\/div>\n","protected":false},"featured_media":8085,"template":"","meta":{"_acf_changed":false,"om_disable_all_campaigns":false,"_monsterinsights_skip_tracking":false,"_monsterinsights_sitenote_active":false,"_monsterinsights_sitenote_note":"","_monsterinsights_sitenote_category":0},"product_cat":[66],"product_tag":[],"class_list":{"0":"post-7310","1":"product","2":"type-product","3":"status-publish","4":"has-post-thumbnail","6":"product_cat-gamay","8":"first","9":"instock","10":"featured","11":"shipping-taxable","12":"product-type-simple"},"acf":[],"aioseo_notices":[],"jetpack_sharing_enabled":true,"_links":{"self":[{"href":"https:\/\/lechaidetheleme.com\/index.php\/wp-json\/wp\/v2\/product\/7310","targetHints":{"allow":["GET"]}}],"collection":[{"href":"https:\/\/lechaidetheleme.com\/index.php\/wp-json\/wp\/v2\/product"}],"about":[{"href":"https:\/\/lechaidetheleme.com\/index.php\/wp-json\/wp\/v2\/types\/product"}],"wp:featuredmedia":[{"embeddable":true,"href":"https:\/\/lechaidetheleme.com\/index.php\/wp-json\/wp\/v2\/media\/8085"}],"wp:attachment":[{"href":"https:\/\/lechaidetheleme.com\/index.php\/wp-json\/wp\/v2\/media?parent=7310"}],"wp:term":[{"taxonomy":"product_cat","embeddable":true,"href":"https:\/\/lechaidetheleme.com\/index.php\/wp-json\/wp\/v2\/product_cat?post=7310"},{"taxonomy":"product_tag","embeddable":true,"href":"https:\/\/lechaidetheleme.com\/index.php\/wp-json\/wp\/v2\/product_tag?post=7310"}],"curies":[{"name":"wp","href":"https:\/\/api.w.org\/{rel}","templated":true}]}}