 {"id":7312,"date":"2023-12-11T17:39:43","date_gmt":"2023-12-11T16:39:43","guid":{"rendered":"https:\/\/lechaidetheleme.com\/?post_type=product&#038;p=7312"},"modified":"2024-01-15T13:01:20","modified_gmt":"2024-01-15T12:01:20","slug":"millesime-2021","status":"publish","type":"product","link":"https:\/\/lechaidetheleme.com\/index.php\/produit\/millesime-2021\/","title":{"rendered":"Mill\u00e9sime 2021"},"content":{"rendered":"<p>Mill\u00e9sime 2021 &#8211; C\u00f4t &#8211; Cabernet franc &#8211; Grolleau noir &#8211; Le Chai de Th\u00e9l\u00e8me<\/p>\n","protected":false},"excerpt":{"rendered":"<div class=\"d-flex mb-2\">Type:<br \/>\n<span class=\"my-0 ml-2\"><b>Vin de France Rouge<\/b><\/span><\/div>\n<div class=\"d-flex mb-2\">C\u00e9pages:<br \/>\n<span class=\"my-0 ml-2\"><b>33% C\u00f4t, 33% Cabernet franc, 33% Grolleau noir<br \/>\n<\/b><\/span><\/div>\n<div class=\"d-flex mb-2\">Terroirs:<br \/>\n<span class=\"my-0 ml-2\"><b>limons sablo-argileux et argiles \u00e0 silex<\/b><\/span><\/div>\n<div class=\"d-flex mb-2\">\u00c2ge des vignes:<br \/>\n<span class=\"my-0 ml-2\"><b>35 \u00e0 100 ans<\/b><\/span><\/div>\n<div class=\"d-flex mb-2\">Vinification:<br \/>\n<span class=\"my-0 ml-2\"><b>vendange \u00e9grapp\u00e9e avec mac\u00e9ration en cuve tronconique bois<\/b><\/span><\/div>\n<div class=\"d-flex\">\u00c9levage:<br \/>\n<span class=\"my-0 ml-2\"><b>10 mois en barriques<\/b><\/span><\/div>\n<div class=\"d-flex\">Label:<br \/>\n<span class=\"my-0 ml-2\"><b>Bio<\/b><\/span><\/div>\n","protected":false},"featured_media":7294,"template":"","meta":{"_acf_changed":false,"om_disable_all_campaigns":false,"_monsterinsights_skip_tracking":false,"_monsterinsights_sitenote_active":false,"_monsterinsights_sitenote_note":"","_monsterinsights_sitenote_category":0},"product_cat":[64,65,67],"product_tag":[],"class_list":{"0":"post-7312","1":"product","2":"type-product","3":"status-publish","4":"has-post-thumbnail","6":"product_cat-cabernet-franc","7":"product_cat-cot","8":"product_cat-grolleau-noir","10":"first","11":"instock","12":"featured","13":"shipping-taxable","14":"product-type-simple"},"acf":[],"aioseo_notices":[],"jetpack_sharing_enabled":true,"_links":{"self":[{"href":"https:\/\/lechaidetheleme.com\/index.php\/wp-json\/wp\/v2\/product\/7312","targetHints":{"allow":["GET"]}}],"collection":[{"href":"https:\/\/lechaidetheleme.com\/index.php\/wp-json\/wp\/v2\/product"}],"about":[{"href":"https:\/\/lechaidetheleme.com\/index.php\/wp-json\/wp\/v2\/types\/product"}],"wp:featuredmedia":[{"embeddable":true,"href":"https:\/\/lechaidetheleme.com\/index.php\/wp-json\/wp\/v2\/media\/7294"}],"wp:attachment":[{"href":"https:\/\/lechaidetheleme.com\/index.php\/wp-json\/wp\/v2\/media?parent=7312"}],"wp:term":[{"taxonomy":"product_cat","embeddable":true,"href":"https:\/\/lechaidetheleme.com\/index.php\/wp-json\/wp\/v2\/product_cat?post=7312"},{"taxonomy":"product_tag","embeddable":true,"href":"https:\/\/lechaidetheleme.com\/index.php\/wp-json\/wp\/v2\/product_tag?post=7312"}],"curies":[{"name":"wp","href":"https:\/\/api.w.org\/{rel}","templated":true}]}}